{"id":362,"date":"2020-04-29T15:22:57","date_gmt":"2020-04-29T13:22:57","guid":{"rendered":"https:\/\/www.jilaevents.it.dev.alaweb.it\/?page_id=362"},"modified":"2020-04-29T15:22:57","modified_gmt":"2020-04-29T13:22:57","slug":"cookie-policy","status":"publish","type":"page","link":"https:\/\/www.jilaevents.it\/en\/cookie-policy\/","title":{"rendered":"Cookie Policy"},"content":{"rendered":"<p><strong>Cosa sono i cookie?<\/strong><\/p>\n<p>Molti siti web raccolgono piccole quantit\u00e0 di informazioni riguardo la tua attivit\u00e0 sul sito. Queste informazioni sono racchiuse in un file di testo conosciuto come \u201ccookie\u201d, memorizzato sul tuo personal computer.<\/p>\n<p>Al fine di garantirti sempre la migliore navigazione possibile, il nostro sito offre le migliori prestazioni con i cookie abilitati. Grazie ai cookie \u00e8 possibile \u201cricordarci\u201d di te quando torni sul nostro sito, cos\u00ec come identificare e risolvere errori \u2013 fornendoti una navigazione pi\u00f9 veloce e indicata per te. Dati supplementari sono memorizzati solo tramite un tuo consenso esplicito, ad esempio quando ci fornisci informazioni per una richiesta di un nostro prodotto.<\/p>\n<p>I cookie non possono causare danni al tuo computer, inoltre selezioniamo molto accuratamente tutti i fornitori di terze parti che possono impostare cookie per scopi di marketing.<br \/>\nTipi di cookie usati su questo sito:<\/p>\n<p>I cookie usati su questo sito si basano sulla guida della Camera di Commercio Internazionale, per le categorie di cookie. Scopri in basso tutte le informazioni dettagliate:<\/p>\n<p><strong>Categoria 1: Cookie \u201cStrettamente necessari\u201d<\/strong><\/p>\n<p>Questi cookie sono necessari per permetterti di navigare all\u2019interno del sito ed usare le sue funzioni.<\/p>\n<p>Questo sito usa cookie \u201cStrettamente necessari\u201d in pagine come i form di contatto. Queste informazioni vengono automaticamente eliminate al termine di ogni sessione.<\/p>\n<p><strong>Categoria 2: Cookie di \u201cPerformance\u201d<\/strong><\/p>\n<p>Questi cookie collezionano informazioni circa le modalit\u00e0 con cui gli utenti usano il sito, per esempio quali sono le pagine maggiormente visitate, piuttosto che eventuali messaggi di errore che l\u2019utente riceve dalle pagine web durante la navigazione.<\/p>\n<p><strong>Categoria 3: Cookie di \u201cFunzionalit\u00e0\u201d<\/strong><\/p>\n<p>Questi cookie permettono al sito di \u201cricordare\u201d le scelte da te effettuate (come la tua user name, la lingua o la regione in cui ti trovi) e quindi fornire funzionalit\u00e0 pi\u00f9 complesse ed indicate per te. Per esempio, un sito potrebbe essere capace di fornirti informazioni meteo o notizie sul traffico, memorizzando in un cookie la regione in cui sei correntemente posizionato.<\/p>\n<p>Questi cookie possono anche essere usati per \u201cricordare\u201d la modifica da te effettuata alla dimensione del testo, al font da utilizzare e ad altre caratteristiche personalizzabili delle pagine web. Possono essere anche usati per fornire un servizio da te richiesto, come visualizzare un filmato. Le informazioni che questi cookie collezionano possono essere rese anonime e non possono tracciare la tua navigazione su altri siti web.<\/p>\n<p>Queste informazioni vengono automaticamente eliminate al termine di ogni sessione.<\/p>\n<p><strong>Categoria 4: Cookie di \u201cProfilazione\u201d o \u201cPubblicitari\u201d<\/strong><\/p>\n<p>Questi cookie sono usati per visualizzare annunci pubblicitari rilevanti per te ed i tuoi interessi. Sono anche usati per limitare il numero di volte che visualizzi un singolo annuncio pubblicitario cos\u00ec come per aiutare a misurare l\u2019efficacia di una campagna pubblicitaria. Vengono usualmente posizionati da reti pubblicitarie col permesso del gestore del sito web. Tengono traccia della tua visita al sito e questa informazione \u00e8 condivisa con organizzazioni come le concessionarie pubblicitarie. I cookie di profilazione, o pubblicitari, vengono spesso collegati a funzionalit\u00e0 del sito fornite da societ\u00e0 terze.<\/p>\n<p>Su questo sito vengono usati i seguenti cookie di categoria 4:<\/p>\n<p>youtube.com<\/p>\n<p><em>Impostazioni dei cookie<\/em><\/p>\n<p>Puoi decidere di permettere o meno l\u2019impostazione dei cookie sul tuo computer, ma questo sito web funziona in modo ottimale con tutte le tipologie di cookie abilitate. Le impostazioni riguardanti i cookie possono essere controllate e modificate dalle \u201cPreferenze\u201d del browser.<\/p>\n<p>Seleziona qui sotto il browser che stai utilizzando, per informazioni su come modificare le impostazioni dei cookie.<\/p>\n<p>Chrome<br \/>\nFirefox<br \/>\nInternet Explorer<br \/>\nOpera<br \/>\nSafari<\/p>\n<p>e disattivi i cookie, questo potrebbe comportare la disabilitazione di alcune funzionalit\u00e0 del sito. Anche con tutti i cookie disabilitati, il tuo browser continuer\u00e0 a memorizzare una piccola quantit\u00e0 di informazioni. Queste informazioni sono necessarie per le funzionalit\u00e0 di base del sito.<\/p>\n<p><strong>Elenco cookie<\/strong><\/p>\n<p>Il sito potr\u00e0 utilizzare alcune tipologie di <em>cookie<\/em>. In particolare, il sito utilizza <em>cookie<\/em> di sessione, la cui funzione \u00e8 limitata alla trasmissione di dati identificativi di sessione necessari ai fini di garantire una navigazione efficiente. Altre tipologie di <em>cookie<\/em>, o tecnologie analoghe, potranno essere di volta in volta impiegate per consentire l\u2019uso del sito o di specifiche funzionalit\u00e0.<\/p>\n<p>Possono essere utilizzati alcuni <em>cookie<\/em> persistenti al fine di tracciare la lingua utilizzata dal sistema informatico dell\u2019utente, che potranno comunque essere disattivati in ogni momento. Non sono invece impiegati <em>cookie<\/em> per l\u2019acquisizione e la trasmissione di dati identificativi personali degli utenti n\u00e9 <em>tracking<\/em> <em>cookie<\/em>. Per i dati di sessione e per i dati strettamente necessari al funzionamento del sito, il conferimento \u00e8 necessario e non richiede il consenso degli utenti. Il mancato conferimento di questi dati potr\u00e0 eventualmente comportare l\u2019impossibilit\u00e0 di navigare sul sito. Per ulteriori informazioni sulla disattivazione e il settaggio dei <em>cookie<\/em>, gli utenti possono consultare l\u2019apposita sezione del sito e seguire le procedure appositamente previste da quest\u2019ultimo.<\/p>\n","protected":false},"excerpt":{"rendered":"<p>Cosa sono i cookie? Molti siti web raccolgono piccole quantit\u00e0 di informazioni riguardo la tua attivit\u00e0 sul sito. Queste informazioni sono racchiuse in un file di testo conosciuto come \u201ccookie\u201d, memorizzato sul tuo personal computer. Al fine di garantirti sempre la migliore navigazione possibile, il nostro sito offre le migliori prestazioni con i cookie abilitati. [&hellip;]<\/p>\n","protected":false},"author":1,"featured_media":0,"parent":0,"menu_order":0,"comment_status":"closed","ping_status":"closed","template":"","meta":[],"yoast_head":"<!-- This site is optimized with the Yoast SEO plugin v19.12 - https:\/\/yoast.com\/wordpress\/plugins\/seo\/ -->\n<title>Cookie Policy - jilaevents.<\/title>\n<meta name=\"robots\" content=\"index, follow, max-snippet:-1, max-image-preview:large, max-video-preview:-1\" \/>\n<link rel=\"canonical\" href=\"https:\/\/www.jilaevents.it\/en\/cookie-policy\/\" \/>\n<meta property=\"og:locale\" content=\"it_IT\" \/>\n<meta property=\"og:type\" content=\"article\" \/>\n<meta property=\"og:title\" content=\"Cookie Policy - jilaevents.\" \/>\n<meta property=\"og:description\" content=\"Cosa sono i cookie? Molti siti web raccolgono piccole quantit\u00e0 di informazioni riguardo la tua attivit\u00e0 sul sito. Queste informazioni sono racchiuse in un file di testo conosciuto come \u201ccookie\u201d, memorizzato sul tuo personal computer. Al fine di garantirti sempre la migliore navigazione possibile, il nostro sito offre le migliori prestazioni con i cookie abilitati. [&hellip;]\" \/>\n<meta property=\"og:url\" content=\"https:\/\/www.jilaevents.it\/en\/cookie-policy\/\" \/>\n<meta property=\"og:site_name\" content=\"jilaevents.\" \/>\n<meta name=\"twitter:card\" content=\"summary_large_image\" \/>\n<meta name=\"twitter:label1\" content=\"Tempo di lettura stimato\" \/>\n\t<meta name=\"twitter:data1\" content=\"4 minuti\" \/>\n<script type=\"application\/ld+json\" class=\"yoast-schema-graph\">{\"@context\":\"https:\/\/schema.org\",\"@graph\":[{\"@type\":\"WebPage\",\"@id\":\"https:\/\/www.jilaevents.it\/en\/cookie-policy\/\",\"url\":\"https:\/\/www.jilaevents.it\/en\/cookie-policy\/\",\"name\":\"Cookie Policy - jilaevents.\",\"isPartOf\":{\"@id\":\"https:\/\/www.jilaevents.it\/en\/#website\"},\"datePublished\":\"2020-04-29T13:22:57+00:00\",\"dateModified\":\"2020-04-29T13:22:57+00:00\",\"breadcrumb\":{\"@id\":\"https:\/\/www.jilaevents.it\/en\/cookie-policy\/#breadcrumb\"},\"inLanguage\":\"it-IT\",\"potentialAction\":[{\"@type\":\"ReadAction\",\"target\":[\"https:\/\/www.jilaevents.it\/en\/cookie-policy\/\"]}]},{\"@type\":\"BreadcrumbList\",\"@id\":\"https:\/\/www.jilaevents.it\/en\/cookie-policy\/#breadcrumb\",\"itemListElement\":[{\"@type\":\"ListItem\",\"position\":1,\"name\":\"Home\",\"item\":\"https:\/\/www.jilaevents.it\/en\/\"},{\"@type\":\"ListItem\",\"position\":2,\"name\":\"Cookie Policy\"}]},{\"@type\":\"WebSite\",\"@id\":\"https:\/\/www.jilaevents.it\/en\/#website\",\"url\":\"https:\/\/www.jilaevents.it\/en\/\",\"name\":\"jilaevents.\",\"description\":\"Communication firm\",\"publisher\":{\"@id\":\"https:\/\/www.jilaevents.it\/en\/#organization\"},\"potentialAction\":[{\"@type\":\"SearchAction\",\"target\":{\"@type\":\"EntryPoint\",\"urlTemplate\":\"https:\/\/www.jilaevents.it\/en\/?s={search_term_string}\"},\"query-input\":\"required name=search_term_string\"}],\"inLanguage\":\"it-IT\"},{\"@type\":\"Organization\",\"@id\":\"https:\/\/www.jilaevents.it\/en\/#organization\",\"name\":\"jilaevents. srls\",\"url\":\"https:\/\/www.jilaevents.it\/en\/\",\"logo\":{\"@type\":\"ImageObject\",\"inLanguage\":\"it-IT\",\"@id\":\"https:\/\/www.jilaevents.it\/en\/#\/schema\/logo\/image\/\",\"url\":\"https:\/\/www.jilaevents.it\/en\/wp-content\/uploads\/sites\/2\/2020\/05\/512x512.jpg\",\"contentUrl\":\"https:\/\/www.jilaevents.it\/en\/wp-content\/uploads\/sites\/2\/2020\/05\/512x512.jpg\",\"width\":512,\"height\":512,\"caption\":\"jilaevents. srls\"},\"image\":{\"@id\":\"https:\/\/www.jilaevents.it\/en\/#\/schema\/logo\/image\/\"},\"sameAs\":[\"https:\/\/www.instagram.com\/jila.events\/\"]}]}<\/script>\n<!-- \/ Yoast SEO plugin. -->","yoast_head_json":{"title":"Cookie Policy - jilaevents.","robots":{"index":"index","follow":"follow","max-snippet":"max-snippet:-1","max-image-preview":"max-image-preview:large","max-video-preview":"max-video-preview:-1"},"canonical":"https:\/\/www.jilaevents.it\/en\/cookie-policy\/","og_locale":"it_IT","og_type":"article","og_title":"Cookie Policy - jilaevents.","og_description":"Cosa sono i cookie? Molti siti web raccolgono piccole quantit\u00e0 di informazioni riguardo la tua attivit\u00e0 sul sito. Queste informazioni sono racchiuse in un file di testo conosciuto come \u201ccookie\u201d, memorizzato sul tuo personal computer. Al fine di garantirti sempre la migliore navigazione possibile, il nostro sito offre le migliori prestazioni con i cookie abilitati. [&hellip;]","og_url":"https:\/\/www.jilaevents.it\/en\/cookie-policy\/","og_site_name":"jilaevents.","twitter_card":"summary_large_image","twitter_misc":{"Tempo di lettura stimato":"4 minuti"},"schema":{"@context":"https:\/\/schema.org","@graph":[{"@type":"WebPage","@id":"https:\/\/www.jilaevents.it\/en\/cookie-policy\/","url":"https:\/\/www.jilaevents.it\/en\/cookie-policy\/","name":"Cookie Policy - jilaevents.","isPartOf":{"@id":"https:\/\/www.jilaevents.it\/en\/#website"},"datePublished":"2020-04-29T13:22:57+00:00","dateModified":"2020-04-29T13:22:57+00:00","breadcrumb":{"@id":"https:\/\/www.jilaevents.it\/en\/cookie-policy\/#breadcrumb"},"inLanguage":"it-IT","potentialAction":[{"@type":"ReadAction","target":["https:\/\/www.jilaevents.it\/en\/cookie-policy\/"]}]},{"@type":"BreadcrumbList","@id":"https:\/\/www.jilaevents.it\/en\/cookie-policy\/#breadcrumb","itemListElement":[{"@type":"ListItem","position":1,"name":"Home","item":"https:\/\/www.jilaevents.it\/en\/"},{"@type":"ListItem","position":2,"name":"Cookie Policy"}]},{"@type":"WebSite","@id":"https:\/\/www.jilaevents.it\/en\/#website","url":"https:\/\/www.jilaevents.it\/en\/","name":"jilaevents.","description":"Communication firm","publisher":{"@id":"https:\/\/www.jilaevents.it\/en\/#organization"},"potentialAction":[{"@type":"SearchAction","target":{"@type":"EntryPoint","urlTemplate":"https:\/\/www.jilaevents.it\/en\/?s={search_term_string}"},"query-input":"required name=search_term_string"}],"inLanguage":"it-IT"},{"@type":"Organization","@id":"https:\/\/www.jilaevents.it\/en\/#organization","name":"jilaevents. srls","url":"https:\/\/www.jilaevents.it\/en\/","logo":{"@type":"ImageObject","inLanguage":"it-IT","@id":"https:\/\/www.jilaevents.it\/en\/#\/schema\/logo\/image\/","url":"https:\/\/www.jilaevents.it\/en\/wp-content\/uploads\/sites\/2\/2020\/05\/512x512.jpg","contentUrl":"https:\/\/www.jilaevents.it\/en\/wp-content\/uploads\/sites\/2\/2020\/05\/512x512.jpg","width":512,"height":512,"caption":"jilaevents. srls"},"image":{"@id":"https:\/\/www.jilaevents.it\/en\/#\/schema\/logo\/image\/"},"sameAs":["https:\/\/www.instagram.com\/jila.events\/"]}]}},"_links":{"self":[{"href":"https:\/\/www.jilaevents.it\/en\/wp-json\/wp\/v2\/pages\/362"}],"collection":[{"href":"https:\/\/www.jilaevents.it\/en\/wp-json\/wp\/v2\/pages"}],"about":[{"href":"https:\/\/www.jilaevents.it\/en\/wp-json\/wp\/v2\/types\/page"}],"author":[{"embeddable":true,"href":"https:\/\/www.jilaevents.it\/en\/wp-json\/wp\/v2\/users\/1"}],"replies":[{"embeddable":true,"href":"https:\/\/www.jilaevents.it\/en\/wp-json\/wp\/v2\/comments?post=362"}],"version-history":[{"count":0,"href":"https:\/\/www.jilaevents.it\/en\/wp-json\/wp\/v2\/pages\/362\/revisions"}],"wp:attachment":[{"href":"https:\/\/www.jilaevents.it\/en\/wp-json\/wp\/v2\/media?parent=362"}],"curies":[{"name":"wp","href":"https:\/\/api.w.org\/{rel}","templated":true}]}}