{"id":6,"date":"2020-01-14T10:15:41","date_gmt":"2020-01-14T09:15:41","guid":{"rendered":"http:\/\/jilaevents.it.dev.alaweb.it\/?page_id=3"},"modified":"2020-01-14T10:15:41","modified_gmt":"2020-01-14T09:15:41","slug":"privacy-policy","status":"publish","type":"page","link":"https:\/\/www.jilaevents.it\/en\/privacy-policy\/","title":{"rendered":"Privacy Policy"},"content":{"rendered":"<p><strong>INFORMATIVA SUL TRATTAMENTO DEI DATI PERSONALI DEGLI UTENTI DEL SITO WEB<\/strong><\/p>\n<p>Il Titolare del presente sito, la societ\u00e0 <strong>Jila Events Srls<\/strong>, in ottemperanza agli obblighi derivanti dalla normativa nazionale<a href=\"#_ftn1\" name=\"_ftnref1\"><sup>[1]<\/sup><\/a> e comunitaria (GDPR<a href=\"#_ftn2\" name=\"_ftnref2\"><sup>[2]<\/sup><\/a>) e successive modifiche, rispetta e tutela la riservatezza degli utenti\/visitatori, mettendo in atto le misure di sicurezza adeguate e proporzionate per non lederne i diritti.<\/p>\n<p>La presente informativa si applica esclusivamente alle attivit\u00e0 <em>online<\/em> di questo sito ed \u00e8 valida per i relativi utenti\/visitatori e persegue l\u2019obiettivo di fornire la massima trasparenza relativamente alle informazioni che il sito raccoglie e come le usa.<\/p>\n<p>Il trattamento sar\u00e0 improntato ai principi di liceit\u00e0, correttezza, trasparenza, limitazione della finalit\u00e0, minimizzazione dei dati, esattezza, limitazione della conservazione, integrit\u00e0, riservatezza e responsabilizzazione.<\/p>\n<p>Ai sensi degli artt. 13 e 14 del Regolamento e della normativa vigente, pertanto, vengono fornite le seguenti informazioni relative al trattamento che il Titolare eseguir\u00e0 con i Vostri dati personali:<\/p>\n<ol>\n<li><strong>Dati di contatto del Titolare del trattamento dei dati personali:<\/strong><\/li>\n<\/ol>\n<p>Denominazione\/Forma giuridica: <strong>Jila Events Srls<\/strong><br \/>Indirizzo\/Sede legale: <strong>Via Di Mezzo 4, Strambino &#8211; 10019 Torino (TO)<\/strong><br \/>P.IVA\/C.F.: <strong>11782140013<\/strong><br \/>Telefono: <strong>+ 39 02 36514363<\/strong><br \/>E-mail: <a href=\"mailto:ilaria.giacolono@jilaevents.it\"><strong>ilaria.giacolono@jilaevents.it<\/strong><\/a><br \/>Domicilio digitale (PEC o altro): <label class=\"aui-field-label-inline-label\"><\/label> <a href=\"mailto:jilaeventssrls@pec.it\"><strong>jilaeventssrls@pec.it<\/strong><\/a><\/p>\n<ol start=\"2\">\n<li><strong>Tipologia di dati raccolti e finalit\u00e0 del trattamento:<\/strong><\/li>\n<\/ol>\n<p>Il Titolare adotta tutte le misure tecniche ed organizzative adeguate a mettere in sicurezza i dati personali trattati. In particolare, tali misure sono volte ad impedire accessi non autorizzati, divulgazione, modifica o distruzione non autorizzata dei dati. Il trattamento \u00e8 effettuato con l\u2019ausilio di mezzi elettronici o comunque automatizzati con logiche di organizzazione ed elaborazione dei dati personali, in modo da garantire la sicurezza e la riservatezza dei dati. Le informazioni vengono raccolte in maniera automatizzata durante le visite degli utenti.<\/p>\n<p>Il Titolare potr\u00e0 trattare alcuni dati personali degli utenti che interagiscono con i servizi web del sito, in particolare:<\/p>\n<ul>\n<li>dati di navigazione: i dati personali possono essere acquisiti automaticamente da parte dei sistemi informatici durante l\u2019utilizzo del sito, quale l\u2019indirizzo IP, gli indirizzi in notazione URI<a href=\"#_ftn3\" name=\"_ftnref3\">[3]<\/a>, il tipo di browser e i parametri del dispositivo usato per connettersi al sito, il nome <em>dell\u2019Internet Service Provider<\/em> (ISP), la pagina web di provenienza del visitatore<a href=\"#_ftn4\" name=\"_ftnref4\">[4]<\/a> e di uscita, nonch\u00e9 i dettagli relativi alla data e orario di visita, alle richieste inviate al server del sito e che ne rendono possibile la navigazione. I dati di navigazione potranno altres\u00ec essere utilizzati per compilare statistiche anonime che permettono di comprendere l\u2019utilizzo del sito e di migliorare la struttura dello stesso. I dati di navigazione potranno eventualmente essere utilizzati per l\u2019accertamento di attivit\u00e0 illecite, come in casi di reati informatici, a danno del sito.<\/li>\n<li>dati anagrafici e di contatto, necessari per lo svolgimento dei rapporti contrattuali, in essere o futuri, con gli utenti.<\/li>\n<\/ul>\n<p>Non vengono raccolti e trattati in alcun modo \u201ccategorie particolari\u201d di dati personali, ossia dati qualificabili come sensibili<a href=\"#_ftn5\" name=\"_ftnref5\"><sup>[5]<\/sup><\/a>.<\/p>\n<p>I dati forniti dall\u2019utente o comunicati da terzi verranno trattati per le seguenti finalit\u00e0:<\/p>\n<ol>\n<li>registrazione al sito web, ai servizi e\/o alle app sviluppate o rese disponibili dal Titolare, fruizione dei relativi servizi informativi, gestione delle richieste di contatto o di informazioni;<\/li>\n<li>adempimento di obblighi previsti da normative comunitarie e nazionali, alla tutela dell\u2019ordine pubblico, all\u2019accertamento e repressione dei reati;<\/li>\n<li>verifica del corretto funzionamento del sito e per motivi di sicurezza, al fine di bloccare tentativi di danneggiamento al sito medesimo o di recare danno ad altri utenti, o comunque attivit\u00e0 dannose o costituenti reato.<\/li>\n<\/ol>\n<p>Il sito consente l\u2019inserimento di dati, quali il nome e l\u2019indirizzo mail, da parte del visitatore\/utente; tale attivit\u00e0 \u00e8 subordinata all\u2019accettazione espressa della presente informativa.<\/p>\n<p>Le informazioni che gli utenti del sito riterranno di rendere pubbliche tramite i servizi e gli strumenti messi a disposizione degli stessi sono fornite dall\u2019utente consapevolmente e volontariamente, andando il Titolare esente da qualsiasi responsabilit\u00e0 in merito a possibili violazioni che per l\u2019effetto dovessero essere commesse. Spetta difatti all\u2019utente conseguire eventuali permessi per l\u2019immissione di dati personali di terzi o di contenuti tutelati dalle norme nazionali ed internazionali.<\/p>\n<ol start=\"3\">\n<li><strong>Base giuridica del trattamento dei dati personali:<\/strong><\/li>\n<\/ol>\n<p>Il conferimento dei dati personali relativi alle finalit\u00e0 di cui ai punti 1), 2) e 3) del precedente paragrafo, connessa ad una fase pre-contrattuale e\/o contrattuale ovvero funzionale ad una richiesta dell\u2019Interessato o prevista da una specifica normativa, \u00e8 obbligatorio. Il mancato conferimento da parte dell\u2019Interessato di alcuni dati personali in relazione alle finalit\u00e0 suddette potrebbe impedire al Titolare di erogare i propri servizi.<\/p>\n<ol start=\"4\">\n<li><strong>Utilizzo di Cookie: <\/strong><\/li>\n<\/ol>\n<p><em>Si rinvia a specifica <a href=\"https:\/\/www.jilaevents.it.dev.alaweb.it\/cookie-policy\/\">pagina<\/a>.<\/em><\/p>\n<ol start=\"5\">\n<li><strong>Destinatari dei dati personali:<\/strong><\/li>\n<\/ol>\n<p>I dati saranno conservati presso la scrivente e potranno essere comunicati a:<\/p>\n<ul>\n<li>soggetti autorizzati coinvolti nell\u2019organizzazione del sito<a href=\"#_ftn6\" name=\"_ftnref6\">[6]<\/a>;<\/li>\n<li>soggetti esterni<a href=\"#_ftn7\" name=\"_ftnref7\">[7]<\/a>;<\/li>\n<li>soggetti cui la facolt\u00e0 di accedere ai dati sia riconosciuta da disposizioni di legge o da ordini delle autorit\u00e0;<\/li>\n<li>Paesi terzi o organizzazioni internazionali. Il sito potrebbe condividere alcuni dati raccolti con servizi localizzati al di fuori dell\u2019area dell\u2019Unione Europea<a href=\"#_ftn8\" name=\"_ftnref8\">[8]<\/a>.<\/li>\n<\/ul>\n<p>L\u2019elenco completo di tutti i Responsabili e autorizzati al trattamento dei dati personali pu\u00f2 essere richiesto scrivendo all\u2019indirizzo di posta elettronica <a href=\"mailto:ilaria.giacolono@jilaevents.it\"><strong>ilaria.giacolono@jilaevents.it<\/strong><\/a>, oppure all\u2019indirizzo postale della sede legale del Titolare del trattamento dei dati personali.<\/p>\n<ol start=\"6\">\n<li><strong>Luogo del trattamento:<\/strong><\/li>\n<\/ol>\n<p>I dati raccolti dal sito sono trattati presso la sede del Titolare del trattamento e presso il <em>datacenter<\/em> del Web Hosting. Il Web Hosting (<strong>Serverplan srl societ\u00e0 unipersonale<\/strong>), in qualit\u00e0 di Responsabile esterno del trattamento, tratta i dati personali per conto del Titolare in conformit\u00e0 delle norme europee.<\/p>\n<ol start=\"7\">\n<li><strong>Periodo di conservazione dei dati personali:<\/strong><\/li>\n<\/ol>\n<p>I dati raccolti verranno trattati esclusivamente per le finalit\u00e0 sopra indicate e conservati per il tempo strettamente necessario ad erogare il servizio richiesto. Ad ogni modo, tale periodo di tempo non si protrarr\u00e0 oltre 10 anni, allo scadere del quale il Titolare proceder\u00e0 alla cancellazione automatica dei dati personali raccolti.<\/p>\n<ol start=\"8\">\n<li><strong>Diritti dell\u2019Interessato:<\/strong><\/li>\n<\/ol>\n<p>Il Regolamento riserva agli utenti\/interessati specifici diritti. In particolare, l\u2019Interessato potr\u00e0 esercitare in qualsiasi momento il diritto di:<\/p>\n<ul>\n<li>accedere ai propri dati personali, ottenendo la conferma che sia o meno in corso un trattamento di dati personali che lo riguardano e, in tal caso, essere informato riguardo alle finalit\u00e0 perseguite da parte del Titolare, alle categorie di dati coinvolti, ai destinatari a cui gli stessi possono essere comunicati, al periodo di conservazione applicabile, all\u2019esistenza di processi decisionali automatizzati;<\/li>\n<li>ottenere la rettifica dei dati personali inesatti che lo riguardano senza ingiustificato ritardo;<\/li>\n<li>ottenere, nei casi previsti, la cancellazione dei dati personali che lo riguardano senza ingiustificato ritardo;<\/li>\n<li>ottenere, nei casi previsti, la limitazione del trattamento<a href=\"#_ftn9\" name=\"_ftnref9\">[9]<\/a>;<\/li>\n<li>richiedere la portabilit\u00e0 dei dati che ha fornito al Titolare, vale a dire di riceverli in un formato strutturato, di uso comune e leggibile da dispositivo automatico, anche per trasmettere tali dati a un altro Titolare del trattamento senza impedimenti da parte del Titolare del trattamento cui li ha forniti nei limiti stabiliti dall\u2019art. 20;<\/li>\n<li>opporsi in qualsiasi momento, per motivi connessi alla sua situazione particolare, al trattamento dei dati personali che lo riguardano, nei casi previsti dal Regolamento. Qualora i dati personali siano trattati per finalit\u00e0 di <em>marketing<\/em> diretto, l\u2019Interessato ha il diritto di opporsi in qualsiasi momento al trattamento dei dati personali che lo riguardano effettuato per tali finalit\u00e0, compresa la profilazione nella misura in cui sia connessa a tale <em>marketing <\/em>diretto;<\/li>\n<li>revocare il proprio consenso in qualsiasi momento, con la stessa facilit\u00e0 con cui \u00e8 stato accordato;<\/li>\n<li>proporre reclamo all\u2019Autorit\u00e0 Garante per la Protezione dei Dati Personali;<\/li>\n<li>ottenere tutte le informazioni disponibili sull\u2019origine dei dati personali, qualora questi non siano stati raccolti presso l\u2019Interessato stesso;<\/li>\n<li>ricevere comunicazione senza ingiustificato ritardo nel caso di \u201c<em>data breach<\/em>\u201d, ossia nel caso in cui la violazione dei propri dati personali presenti un rischio elevato per i propri diritti e libert\u00e0;<\/li>\n<li>essere informato dell\u2019esistenza di garanzie adeguate, qualora i dati personali siano trasferiti a un Paese terzo o ad organizzazioni internazionali.<\/li>\n<\/ul>\n<p>Tutti i diritti suddetti possono essere esercitati su richiesta dell\u2019Interessato scrivendo direttamente a <a href=\"mailto:ilaria.giacolono@jilaevents.it\"><strong>ilaria.giacolono@jilaevents.it<\/strong><\/a>.<\/p>\n<p>L\u2019uso del sito web, incluso di quelli destinati a tablet e\/o smartphone, da parte del utente\/visitatore implica la piena conoscenza e accettazione di questa informativa.<\/p>\n<p>La presente informativa potr\u00e0 essere soggetta a periodici aggiornamenti.<\/p>\n<p style=\"text-align: right\"><strong>\u00a0\u00a0\u00a0\u00a0\u00a0\u00a0\u00a0\u00a0\u00a0\u00a0 <\/strong>Titolare del trattamento dei dati personali<br \/><em><strong>Jila Events Srls<\/strong><\/em><\/p>\n<p>\u00a0\u00a0\u00a0\u00a0\u00a0\u00a0 <strong>_________<\/strong><\/p>\n<p><a href=\"#_ftnref1\" name=\"_ftn1\">[1]<\/a> D. Lgs. n. 196\/2003, Codice in materia di protezione dei dati personali, novellato dal D. Lgs. n. 101\/2018;<\/p>\n<p><a href=\"#_ftnref2\" name=\"_ftn2\">[2]<\/a> Regolamento europeo per la protezione dei dati personali n. 2016\/679;<\/p>\n<p><a href=\"#_ftnref3\" name=\"_ftn3\">[3]<\/a> <em>Uniform Resource Identifier;<\/em><\/p>\n<p><a href=\"#_ftnref4\" name=\"_ftn4\">[4]<\/a> <em>referral;<\/em><\/p>\n<p><a href=\"#_ftnref5\" name=\"_ftn5\">[5]<\/a> ai sensi dell\u2019art. 4 del Codice e dell\u2019art. 9 del GDPR;<\/p>\n<p><a href=\"#_ftnref6\" name=\"_ftn6\">[6]<\/a> personale amministrativo, commerciale, marketing, legali, amministratori di sistema;<\/p>\n<p><a href=\"#_ftnref7\" name=\"_ftn7\">[7]<\/a> fornitori di servizi tecnici terzi, <em>hosting provider<\/em>, corrieri postali, societ\u00e0 informatiche, agenzie di comunicazione;<\/p>\n<p><a href=\"#_ftnref8\" name=\"_ftn8\">[8]<\/a> in particolare con Google, Facebook, Instagram, Twitter, Microsoft, LinkedIn, tramite i social plugin ed il servizio di Google Analytics;<\/p>\n<p><a href=\"#_ftnref9\" name=\"_ftn9\">[9]<\/a> il diritto di limitazione prevede che il dato personale sia \u201ccontrassegnato\u201d, al fine di limitarne il trattamento in futuro.<\/p>\n","protected":false},"excerpt":{"rendered":"<p>INFORMATIVA SUL TRATTAMENTO DEI DATI PERSONALI DEGLI UTENTI DEL SITO WEB Il Titolare del presente sito, la societ\u00e0 Jila Events Srls, in ottemperanza agli obblighi derivanti dalla normativa nazionale[1] e comunitaria (GDPR[2]) e successive modifiche, rispetta e tutela la riservatezza degli utenti\/visitatori, mettendo in atto le misure di sicurezza adeguate e proporzionate per non lederne [&hellip;]<\/p>\n","protected":false},"author":1,"featured_media":0,"parent":0,"menu_order":0,"comment_status":"closed","ping_status":"open","template":"","meta":[],"yoast_head":"<!-- This site is optimized with the Yoast SEO plugin v19.12 - https:\/\/yoast.com\/wordpress\/plugins\/seo\/ -->\n<title>Privacy Policy - jilaevents.<\/title>\n<meta name=\"robots\" content=\"index, follow, max-snippet:-1, max-image-preview:large, max-video-preview:-1\" \/>\n<link rel=\"canonical\" href=\"https:\/\/www.jilaevents.it\/en\/privacy-policy\/\" \/>\n<meta property=\"og:locale\" content=\"it_IT\" \/>\n<meta property=\"og:type\" content=\"article\" \/>\n<meta property=\"og:title\" content=\"Privacy Policy - jilaevents.\" \/>\n<meta property=\"og:description\" content=\"INFORMATIVA SUL TRATTAMENTO DEI DATI PERSONALI DEGLI UTENTI DEL SITO WEB Il Titolare del presente sito, la societ\u00e0 Jila Events Srls, in ottemperanza agli obblighi derivanti dalla normativa nazionale[1] e comunitaria (GDPR[2]) e successive modifiche, rispetta e tutela la riservatezza degli utenti\/visitatori, mettendo in atto le misure di sicurezza adeguate e proporzionate per non lederne [&hellip;]\" \/>\n<meta property=\"og:url\" content=\"https:\/\/www.jilaevents.it\/en\/privacy-policy\/\" \/>\n<meta property=\"og:site_name\" content=\"jilaevents.\" \/>\n<meta name=\"twitter:card\" content=\"summary_large_image\" \/>\n<meta name=\"twitter:label1\" content=\"Tempo di lettura stimato\" \/>\n\t<meta name=\"twitter:data1\" content=\"7 minuti\" \/>\n<script type=\"application\/ld+json\" class=\"yoast-schema-graph\">{\"@context\":\"https:\/\/schema.org\",\"@graph\":[{\"@type\":\"WebPage\",\"@id\":\"https:\/\/www.jilaevents.it\/en\/privacy-policy\/\",\"url\":\"https:\/\/www.jilaevents.it\/en\/privacy-policy\/\",\"name\":\"Privacy Policy - jilaevents.\",\"isPartOf\":{\"@id\":\"https:\/\/www.jilaevents.it\/en\/#website\"},\"datePublished\":\"2020-01-14T09:15:41+00:00\",\"dateModified\":\"2020-01-14T09:15:41+00:00\",\"breadcrumb\":{\"@id\":\"https:\/\/www.jilaevents.it\/en\/privacy-policy\/#breadcrumb\"},\"inLanguage\":\"it-IT\",\"potentialAction\":[{\"@type\":\"ReadAction\",\"target\":[\"https:\/\/www.jilaevents.it\/en\/privacy-policy\/\"]}]},{\"@type\":\"BreadcrumbList\",\"@id\":\"https:\/\/www.jilaevents.it\/en\/privacy-policy\/#breadcrumb\",\"itemListElement\":[{\"@type\":\"ListItem\",\"position\":1,\"name\":\"Home\",\"item\":\"https:\/\/www.jilaevents.it\/en\/\"},{\"@type\":\"ListItem\",\"position\":2,\"name\":\"Privacy Policy\"}]},{\"@type\":\"WebSite\",\"@id\":\"https:\/\/www.jilaevents.it\/en\/#website\",\"url\":\"https:\/\/www.jilaevents.it\/en\/\",\"name\":\"jilaevents.\",\"description\":\"Communication firm\",\"publisher\":{\"@id\":\"https:\/\/www.jilaevents.it\/en\/#organization\"},\"potentialAction\":[{\"@type\":\"SearchAction\",\"target\":{\"@type\":\"EntryPoint\",\"urlTemplate\":\"https:\/\/www.jilaevents.it\/en\/?s={search_term_string}\"},\"query-input\":\"required name=search_term_string\"}],\"inLanguage\":\"it-IT\"},{\"@type\":\"Organization\",\"@id\":\"https:\/\/www.jilaevents.it\/en\/#organization\",\"name\":\"jilaevents. srls\",\"url\":\"https:\/\/www.jilaevents.it\/en\/\",\"logo\":{\"@type\":\"ImageObject\",\"inLanguage\":\"it-IT\",\"@id\":\"https:\/\/www.jilaevents.it\/en\/#\/schema\/logo\/image\/\",\"url\":\"https:\/\/www.jilaevents.it\/en\/wp-content\/uploads\/sites\/2\/2020\/05\/512x512.jpg\",\"contentUrl\":\"https:\/\/www.jilaevents.it\/en\/wp-content\/uploads\/sites\/2\/2020\/05\/512x512.jpg\",\"width\":512,\"height\":512,\"caption\":\"jilaevents. srls\"},\"image\":{\"@id\":\"https:\/\/www.jilaevents.it\/en\/#\/schema\/logo\/image\/\"},\"sameAs\":[\"https:\/\/www.instagram.com\/jila.events\/\"]}]}<\/script>\n<!-- \/ Yoast SEO plugin. -->","yoast_head_json":{"title":"Privacy Policy - jilaevents.","robots":{"index":"index","follow":"follow","max-snippet":"max-snippet:-1","max-image-preview":"max-image-preview:large","max-video-preview":"max-video-preview:-1"},"canonical":"https:\/\/www.jilaevents.it\/en\/privacy-policy\/","og_locale":"it_IT","og_type":"article","og_title":"Privacy Policy - jilaevents.","og_description":"INFORMATIVA SUL TRATTAMENTO DEI DATI PERSONALI DEGLI UTENTI DEL SITO WEB Il Titolare del presente sito, la societ\u00e0 Jila Events Srls, in ottemperanza agli obblighi derivanti dalla normativa nazionale[1] e comunitaria (GDPR[2]) e successive modifiche, rispetta e tutela la riservatezza degli utenti\/visitatori, mettendo in atto le misure di sicurezza adeguate e proporzionate per non lederne [&hellip;]","og_url":"https:\/\/www.jilaevents.it\/en\/privacy-policy\/","og_site_name":"jilaevents.","twitter_card":"summary_large_image","twitter_misc":{"Tempo di lettura stimato":"7 minuti"},"schema":{"@context":"https:\/\/schema.org","@graph":[{"@type":"WebPage","@id":"https:\/\/www.jilaevents.it\/en\/privacy-policy\/","url":"https:\/\/www.jilaevents.it\/en\/privacy-policy\/","name":"Privacy Policy - jilaevents.","isPartOf":{"@id":"https:\/\/www.jilaevents.it\/en\/#website"},"datePublished":"2020-01-14T09:15:41+00:00","dateModified":"2020-01-14T09:15:41+00:00","breadcrumb":{"@id":"https:\/\/www.jilaevents.it\/en\/privacy-policy\/#breadcrumb"},"inLanguage":"it-IT","potentialAction":[{"@type":"ReadAction","target":["https:\/\/www.jilaevents.it\/en\/privacy-policy\/"]}]},{"@type":"BreadcrumbList","@id":"https:\/\/www.jilaevents.it\/en\/privacy-policy\/#breadcrumb","itemListElement":[{"@type":"ListItem","position":1,"name":"Home","item":"https:\/\/www.jilaevents.it\/en\/"},{"@type":"ListItem","position":2,"name":"Privacy Policy"}]},{"@type":"WebSite","@id":"https:\/\/www.jilaevents.it\/en\/#website","url":"https:\/\/www.jilaevents.it\/en\/","name":"jilaevents.","description":"Communication firm","publisher":{"@id":"https:\/\/www.jilaevents.it\/en\/#organization"},"potentialAction":[{"@type":"SearchAction","target":{"@type":"EntryPoint","urlTemplate":"https:\/\/www.jilaevents.it\/en\/?s={search_term_string}"},"query-input":"required name=search_term_string"}],"inLanguage":"it-IT"},{"@type":"Organization","@id":"https:\/\/www.jilaevents.it\/en\/#organization","name":"jilaevents. srls","url":"https:\/\/www.jilaevents.it\/en\/","logo":{"@type":"ImageObject","inLanguage":"it-IT","@id":"https:\/\/www.jilaevents.it\/en\/#\/schema\/logo\/image\/","url":"https:\/\/www.jilaevents.it\/en\/wp-content\/uploads\/sites\/2\/2020\/05\/512x512.jpg","contentUrl":"https:\/\/www.jilaevents.it\/en\/wp-content\/uploads\/sites\/2\/2020\/05\/512x512.jpg","width":512,"height":512,"caption":"jilaevents. srls"},"image":{"@id":"https:\/\/www.jilaevents.it\/en\/#\/schema\/logo\/image\/"},"sameAs":["https:\/\/www.instagram.com\/jila.events\/"]}]}},"_links":{"self":[{"href":"https:\/\/www.jilaevents.it\/en\/wp-json\/wp\/v2\/pages\/6"}],"collection":[{"href":"https:\/\/www.jilaevents.it\/en\/wp-json\/wp\/v2\/pages"}],"about":[{"href":"https:\/\/www.jilaevents.it\/en\/wp-json\/wp\/v2\/types\/page"}],"author":[{"embeddable":true,"href":"https:\/\/www.jilaevents.it\/en\/wp-json\/wp\/v2\/users\/1"}],"replies":[{"embeddable":true,"href":"https:\/\/www.jilaevents.it\/en\/wp-json\/wp\/v2\/comments?post=6"}],"version-history":[{"count":0,"href":"https:\/\/www.jilaevents.it\/en\/wp-json\/wp\/v2\/pages\/6\/revisions"}],"wp:attachment":[{"href":"https:\/\/www.jilaevents.it\/en\/wp-json\/wp\/v2\/media?parent=6"}],"curies":[{"name":"wp","href":"https:\/\/api.w.org\/{rel}","templated":true}]}}